{"id":207,"date":"2021-04-22T15:11:25","date_gmt":"2021-04-22T15:11:25","guid":{"rendered":"http:\/\/anna-bueker.de\/?page_id=207"},"modified":"2022-01-06T21:04:37","modified_gmt":"2022-01-06T21:04:37","slug":"impressum","status":"publish","type":"page","link":"https:\/\/anna-bueker.de\/?page_id=207","title":{"rendered":"KONTAKT"},"content":{"rendered":"\t\t<div data-elementor-type=\"wp-page\" data-elementor-id=\"207\" class=\"elementor elementor-207\" data-elementor-settings=\"[]\">\n\t\t\t\t\t\t<div class=\"elementor-inner\">\n\t\t\t\t\t\t\t<div class=\"elementor-section-wrap\">\n\t\t\t\t\t\t\t<section class=\"elementor-section elementor-top-section elementor-element elementor-element-1e5d7889 elementor-section-height-min-height elementor-section-content-middle elementor-section-boxed elementor-section-height-default elementor-section-items-middle\" data-id=\"1e5d7889\" data-element_type=\"section\" data-settings=\"{&quot;background_background&quot;:&quot;classic&quot;}\">\n\t\t\t\t\t\t\t<div class=\"elementor-background-overlay\"><\/div>\n\t\t\t\t\t\t\t<div class=\"elementor-container elementor-column-gap-default\">\n\t\t\t\t\t\t\t<div class=\"elementor-row\">\n\t\t\t\t\t<div class=\"elementor-column elementor-col-100 elementor-top-column elementor-element elementor-element-7ca4251e\" data-id=\"7ca4251e\" data-element_type=\"column\">\n\t\t\t<div class=\"elementor-column-wrap\">\n\t\t\t\t\t\t\t<div class=\"elementor-widget-wrap\">\n\t\t\t\t\t\t\t\t<\/div>\n\t\t\t\t\t<\/div>\n\t\t<\/div>\n\t\t\t\t\t\t\t\t<\/div>\n\t\t\t\t\t<\/div>\n\t\t<\/section>\n\t\t\t\t<section class=\"elementor-section elementor-top-section elementor-element elementor-element-3606af87 elementor-section-content-middle elementor-section-boxed elementor-section-height-default elementor-section-height-default\" data-id=\"3606af87\" data-element_type=\"section\">\n\t\t\t\t\t\t<div class=\"elementor-container elementor-column-gap-default\">\n\t\t\t\t\t\t\t<div class=\"elementor-row\">\n\t\t\t\t\t<div class=\"elementor-column elementor-col-50 elementor-top-column elementor-element elementor-element-346b98ec\" data-id=\"346b98ec\" data-element_type=\"column\">\n\t\t\t<div class=\"elementor-column-wrap elementor-element-populated\">\n\t\t\t\t\t\t\t<div class=\"elementor-widget-wrap\">\n\t\t\t\t\t\t<div class=\"elementor-element elementor-element-425300b1 elementor-widget elementor-widget-heading\" data-id=\"425300b1\" data-element_type=\"widget\" data-widget_type=\"heading.default\">\n\t\t\t\t<div class=\"elementor-widget-container\">\n\t\t\t<h2 class=\"elementor-heading-title elementor-size-large\">Our Sweets<\/h2>\t\t<\/div>\n\t\t\t\t<\/div>\n\t\t\t\t<div class=\"elementor-element elementor-element-505088fb elementor-widget-divider--view-line elementor-widget elementor-widget-divider\" data-id=\"505088fb\" data-element_type=\"widget\" data-widget_type=\"divider.default\">\n\t\t\t\t<div class=\"elementor-widget-container\">\n\t\t\t\t\t<div class=\"elementor-divider\">\n\t\t\t<span class=\"elementor-divider-separator\">\n\t\t\t\t\t\t<\/span>\n\t\t<\/div>\n\t\t\t\t<\/div>\n\t\t\t\t<\/div>\n\t\t\t\t<div class=\"elementor-element elementor-element-7a372dd3 elementor-widget elementor-widget-text-editor\" data-id=\"7a372dd3\" data-element_type=\"widget\" data-widget_type=\"text-editor.default\">\n\t\t\t\t<div class=\"elementor-widget-container\">\n\t\t\t\t\t\t\t\t<div class=\"elementor-text-editor elementor-clearfix\">\n\t\t\t\t\t<p>Handcrafted delights that instantly brighten up your day. Whether its chocolate, vanilla or cinnamon, we use the finest ingredients to produce these mouth watering artifacts.<\/p>\t\t\t\t\t<\/div>\n\t\t\t\t\t\t<\/div>\n\t\t\t\t<\/div>\n\t\t\t\t\t\t<\/div>\n\t\t\t\t\t<\/div>\n\t\t<\/div>\n\t\t\t\t<div class=\"elementor-column elementor-col-50 elementor-top-column elementor-element elementor-element-52422ce6 elementor-sm-100\" data-id=\"52422ce6\" data-element_type=\"column\">\n\t\t\t<div class=\"elementor-column-wrap elementor-element-populated\">\n\t\t\t\t\t\t\t<div class=\"elementor-widget-wrap\">\n\t\t\t\t\t\t<div class=\"elementor-element elementor-element-781618be gallery-spacing-custom elementor-widget elementor-widget-image-gallery\" data-id=\"781618be\" data-element_type=\"widget\" data-widget_type=\"image-gallery.default\">\n\t\t\t\t<div class=\"elementor-widget-container\">\n\t\t\t\t\t<div class=\"elementor-image-gallery\">\n\t\t\t<div id='gallery-1' class='gallery galleryid-207 gallery-columns-3 gallery-size-full'><figure class='gallery-item'>\n\t\t\t<div class='gallery-icon landscape'>\n\t\t\t\t<a data-elementor-open-lightbox=\"yes\" data-elementor-lightbox-slideshow=\"781618be\" data-elementor-lightbox-title=\"fooodiesfeed.com_sweet-and-salty-brunch.jpg\" href='https:\/\/anna-bueker.de\/wp-content\/uploads\/2021\/04\/fooodiesfeed.com_sweet-and-salty-brunch.jpg'><img width=\"1024\" height=\"1023\" src=\"https:\/\/anna-bueker.de\/wp-content\/uploads\/2021\/04\/fooodiesfeed.com_sweet-and-salty-brunch.jpg\" class=\"attachment-full size-full\" alt=\"\" loading=\"lazy\" srcset=\"https:\/\/anna-bueker.de\/wp-content\/uploads\/2021\/04\/fooodiesfeed.com_sweet-and-salty-brunch.jpg 1024w, https:\/\/anna-bueker.de\/wp-content\/uploads\/2021\/04\/fooodiesfeed.com_sweet-and-salty-brunch-150x150.jpg 150w, https:\/\/anna-bueker.de\/wp-content\/uploads\/2021\/04\/fooodiesfeed.com_sweet-and-salty-brunch-300x300.jpg 300w, https:\/\/anna-bueker.de\/wp-content\/uploads\/2021\/04\/fooodiesfeed.com_sweet-and-salty-brunch-768x767.jpg 768w, https:\/\/anna-bueker.de\/wp-content\/uploads\/2021\/04\/fooodiesfeed.com_sweet-and-salty-brunch-100x100.jpg 100w\" sizes=\"(max-width: 1024px) 100vw, 1024px\" \/><\/a>\n\t\t\t<\/div><\/figure><figure class='gallery-item'>\n\t\t\t<div class='gallery-icon landscape'>\n\t\t\t\t<a data-elementor-open-lightbox=\"yes\" data-elementor-lightbox-slideshow=\"781618be\" data-elementor-lightbox-title=\"foodiesfeed.com_Wedding_15-crop.jpg\" href='https:\/\/anna-bueker.de\/wp-content\/uploads\/2021\/04\/foodiesfeed.com_Wedding_15-crop.jpg'><img width=\"683\" height=\"683\" src=\"https:\/\/anna-bueker.de\/wp-content\/uploads\/2021\/04\/foodiesfeed.com_Wedding_15-crop.jpg\" class=\"attachment-full size-full\" alt=\"\" loading=\"lazy\" srcset=\"https:\/\/anna-bueker.de\/wp-content\/uploads\/2021\/04\/foodiesfeed.com_Wedding_15-crop.jpg 683w, https:\/\/anna-bueker.de\/wp-content\/uploads\/2021\/04\/foodiesfeed.com_Wedding_15-crop-150x150.jpg 150w, https:\/\/anna-bueker.de\/wp-content\/uploads\/2021\/04\/foodiesfeed.com_Wedding_15-crop-300x300.jpg 300w, https:\/\/anna-bueker.de\/wp-content\/uploads\/2021\/04\/foodiesfeed.com_Wedding_15-crop-100x100.jpg 100w\" sizes=\"(max-width: 683px) 100vw, 683px\" \/><\/a>\n\t\t\t<\/div><\/figure><figure class='gallery-item'>\n\t\t\t<div class='gallery-icon landscape'>\n\t\t\t\t<a data-elementor-open-lightbox=\"yes\" data-elementor-lightbox-slideshow=\"781618be\" data-elementor-lightbox-title=\"foodiesfeed.com_Your-Sunny-Side-Up-2-crop.jpg\" href='https:\/\/anna-bueker.de\/wp-content\/uploads\/2021\/04\/foodiesfeed.com_Your-Sunny-Side-Up-2-crop.jpg'><img width=\"683\" height=\"683\" src=\"https:\/\/anna-bueker.de\/wp-content\/uploads\/2021\/04\/foodiesfeed.com_Your-Sunny-Side-Up-2-crop.jpg\" class=\"attachment-full size-full\" alt=\"\" loading=\"lazy\" srcset=\"https:\/\/anna-bueker.de\/wp-content\/uploads\/2021\/04\/foodiesfeed.com_Your-Sunny-Side-Up-2-crop.jpg 683w, https:\/\/anna-bueker.de\/wp-content\/uploads\/2021\/04\/foodiesfeed.com_Your-Sunny-Side-Up-2-crop-150x150.jpg 150w, https:\/\/anna-bueker.de\/wp-content\/uploads\/2021\/04\/foodiesfeed.com_Your-Sunny-Side-Up-2-crop-300x300.jpg 300w, https:\/\/anna-bueker.de\/wp-content\/uploads\/2021\/04\/foodiesfeed.com_Your-Sunny-Side-Up-2-crop-100x100.jpg 100w\" sizes=\"(max-width: 683px) 100vw, 683px\" \/><\/a>\n\t\t\t<\/div><\/figure><figure class='gallery-item'>\n\t\t\t<div class='gallery-icon landscape'>\n\t\t\t\t<a data-elementor-open-lightbox=\"yes\" data-elementor-lightbox-slideshow=\"781618be\" data-elementor-lightbox-title=\"foodiesfeed.com_traditional-czech-honey-cake-caffee-latte-crop.jpg\" href='https:\/\/anna-bueker.de\/wp-content\/uploads\/2021\/04\/foodiesfeed.com_traditional-czech-honey-cake-caffee-latte-crop.jpg'><img width=\"683\" height=\"683\" src=\"https:\/\/anna-bueker.de\/wp-content\/uploads\/2021\/04\/foodiesfeed.com_traditional-czech-honey-cake-caffee-latte-crop.jpg\" class=\"attachment-full size-full\" alt=\"\" loading=\"lazy\" srcset=\"https:\/\/anna-bueker.de\/wp-content\/uploads\/2021\/04\/foodiesfeed.com_traditional-czech-honey-cake-caffee-latte-crop.jpg 683w, https:\/\/anna-bueker.de\/wp-content\/uploads\/2021\/04\/foodiesfeed.com_traditional-czech-honey-cake-caffee-latte-crop-150x150.jpg 150w, https:\/\/anna-bueker.de\/wp-content\/uploads\/2021\/04\/foodiesfeed.com_traditional-czech-honey-cake-caffee-latte-crop-300x300.jpg 300w, https:\/\/anna-bueker.de\/wp-content\/uploads\/2021\/04\/foodiesfeed.com_traditional-czech-honey-cake-caffee-latte-crop-100x100.jpg 100w\" sizes=\"(max-width: 683px) 100vw, 683px\" \/><\/a>\n\t\t\t<\/div><\/figure><figure class='gallery-item'>\n\t\t\t<div class='gallery-icon landscape'>\n\t\t\t\t<a data-elementor-open-lightbox=\"yes\" data-elementor-lightbox-slideshow=\"781618be\" data-elementor-lightbox-title=\"foodiesfeed.com_homemade-pizza-crop.jpg\" href='https:\/\/anna-bueker.de\/wp-content\/uploads\/2021\/04\/foodiesfeed.com_homemade-pizza-crop.jpg'><img width=\"683\" height=\"683\" src=\"https:\/\/anna-bueker.de\/wp-content\/uploads\/2021\/04\/foodiesfeed.com_homemade-pizza-crop.jpg\" class=\"attachment-full size-full\" alt=\"\" loading=\"lazy\" srcset=\"https:\/\/anna-bueker.de\/wp-content\/uploads\/2021\/04\/foodiesfeed.com_homemade-pizza-crop.jpg 683w, https:\/\/anna-bueker.de\/wp-content\/uploads\/2021\/04\/foodiesfeed.com_homemade-pizza-crop-150x150.jpg 150w, https:\/\/anna-bueker.de\/wp-content\/uploads\/2021\/04\/foodiesfeed.com_homemade-pizza-crop-300x300.jpg 300w, https:\/\/anna-bueker.de\/wp-content\/uploads\/2021\/04\/foodiesfeed.com_homemade-pizza-crop-100x100.jpg 100w\" sizes=\"(max-width: 683px) 100vw, 683px\" \/><\/a>\n\t\t\t<\/div><\/figure><figure class='gallery-item'>\n\t\t\t<div class='gallery-icon landscape'>\n\t\t\t\t<a data-elementor-open-lightbox=\"yes\" data-elementor-lightbox-slideshow=\"781618be\" data-elementor-lightbox-title=\"foodiesfeed.com_homemade-waffles-with-coffee.jpg\" href='https:\/\/anna-bueker.de\/wp-content\/uploads\/2021\/04\/foodiesfeed.com_homemade-waffles-with-coffee.jpg'><img width=\"1053\" height=\"1053\" src=\"https:\/\/anna-bueker.de\/wp-content\/uploads\/2021\/04\/foodiesfeed.com_homemade-waffles-with-coffee.jpg\" class=\"attachment-full size-full\" alt=\"\" loading=\"lazy\" srcset=\"https:\/\/anna-bueker.de\/wp-content\/uploads\/2021\/04\/foodiesfeed.com_homemade-waffles-with-coffee.jpg 1053w, https:\/\/anna-bueker.de\/wp-content\/uploads\/2021\/04\/foodiesfeed.com_homemade-waffles-with-coffee-150x150.jpg 150w, https:\/\/anna-bueker.de\/wp-content\/uploads\/2021\/04\/foodiesfeed.com_homemade-waffles-with-coffee-300x300.jpg 300w, https:\/\/anna-bueker.de\/wp-content\/uploads\/2021\/04\/foodiesfeed.com_homemade-waffles-with-coffee-768x768.jpg 768w, https:\/\/anna-bueker.de\/wp-content\/uploads\/2021\/04\/foodiesfeed.com_homemade-waffles-with-coffee-1024x1024.jpg 1024w, https:\/\/anna-bueker.de\/wp-content\/uploads\/2021\/04\/foodiesfeed.com_homemade-waffles-with-coffee-100x100.jpg 100w\" sizes=\"(max-width: 1053px) 100vw, 1053px\" \/><\/a>\n\t\t\t<\/div><\/figure>\n\t\t<\/div>\n\t\t<\/div>\n\t\t\t\t<\/div>\n\t\t\t\t<\/div>\n\t\t\t\t\t\t<\/div>\n\t\t\t\t\t<\/div>\n\t\t<\/div>\n\t\t\t\t\t\t\t\t<\/div>\n\t\t\t\t\t<\/div>\n\t\t<\/section>\n\t\t\t\t<section class=\"elementor-section elementor-top-section elementor-element elementor-element-50b534d7 elementor-section-boxed elementor-section-height-default elementor-section-height-default\" data-id=\"50b534d7\" data-element_type=\"section\" data-settings=\"{&quot;background_background&quot;:&quot;classic&quot;}\">\n\t\t\t\t\t\t\t<div class=\"elementor-background-overlay\"><\/div>\n\t\t\t\t\t\t\t<div class=\"elementor-container elementor-column-gap-no\">\n\t\t\t\t\t\t\t<div class=\"elementor-row\">\n\t\t\t\t\t<div class=\"elementor-column elementor-col-100 elementor-top-column elementor-element elementor-element-3512ad54\" data-id=\"3512ad54\" data-element_type=\"column\">\n\t\t\t<div class=\"elementor-column-wrap elementor-element-populated\">\n\t\t\t\t\t\t\t<div class=\"elementor-widget-wrap\">\n\t\t\t\t\t\t<div class=\"elementor-element elementor-element-0133759 elementor-widget elementor-widget-heading\" data-id=\"0133759\" data-element_type=\"widget\" data-widget_type=\"heading.default\">\n\t\t\t\t<div class=\"elementor-widget-container\">\n\t\t\t<h2 class=\"elementor-heading-title elementor-size-default\">IMPRESSUM<\/h2>\t\t<\/div>\n\t\t\t\t<\/div>\n\t\t\t\t<div class=\"elementor-element elementor-element-eca9d0c elementor-widget elementor-widget-text-editor\" data-id=\"eca9d0c\" data-element_type=\"widget\" data-widget_type=\"text-editor.default\">\n\t\t\t\t<div class=\"elementor-widget-container\">\n\t\t\t\t\t\t\t\t<div class=\"elementor-text-editor elementor-clearfix\">\n\t\t\t\t\t<b>ANNA B\u00dcKER COACHING<\/b><br>\n<br>\nAngaben gem\u00e4\u00df \u00a7 5 TMG:<br>\nA Strong Marketing<br>\nPrinzenstra\u00dfe 10<br>\n33602 Bielefeld<br>\nTelefon: (+49)521-55340417<br>\nGesch\u00e4ftsf\u00fchrer: Anna B\u00fcker<br>\nVertretungsberechtigte Person: <br>Anna B\u00fcker<br><br>\n\n<b>Registereintrag:<\/b><br>\n\nEintragung im Handelsregister Registergericht: Amtsgericht Bielefeld Registernummer: HRB \n<br>\n<b>Umsatzsteuer-ID:<\/b>\n<br>\nUmsatzsteuer-Identifikationsnummer gem\u00e4\u00df \u00a727 a Umsatzsteuergesetz: <br>\n<br>\n<b>Datenschutzbeauftragter:<\/b>\n<br><br>\nAnna B\u00fcker \nKontakt \nDatenschutzbeauftragter:\nEmail: Coaching@anna-bueker.de\t\t\t\t\t<\/div>\n\t\t\t\t\t\t<\/div>\n\t\t\t\t<\/div>\n\t\t\t\t\t\t<\/div>\n\t\t\t\t\t<\/div>\n\t\t<\/div>\n\t\t\t\t\t\t\t\t<\/div>\n\t\t\t\t\t<\/div>\n\t\t<\/section>\n\t\t\t\t<section class=\"elementor-section elementor-top-section elementor-element elementor-element-201b0a81 elementor-section-content-middle elementor-section-boxed elementor-section-height-default elementor-section-height-default\" data-id=\"201b0a81\" data-element_type=\"section\">\n\t\t\t\t\t\t<div class=\"elementor-container elementor-column-gap-default\">\n\t\t\t\t\t\t\t<div class=\"elementor-row\">\n\t\t\t\t\t<div class=\"elementor-column elementor-col-50 elementor-top-column elementor-element elementor-element-2a074ecb\" data-id=\"2a074ecb\" data-element_type=\"column\">\n\t\t\t<div class=\"elementor-column-wrap elementor-element-populated\">\n\t\t\t\t\t\t\t<div class=\"elementor-widget-wrap\">\n\t\t\t\t\t\t<div class=\"elementor-element elementor-element-4e1bc21b elementor-widget elementor-widget-heading\" data-id=\"4e1bc21b\" data-element_type=\"widget\" data-widget_type=\"heading.default\">\n\t\t\t\t<div class=\"elementor-widget-container\">\n\t\t\t<h2 class=\"elementor-heading-title elementor-size-large\">Visit Us<\/h2>\t\t<\/div>\n\t\t\t\t<\/div>\n\t\t\t\t<div class=\"elementor-element elementor-element-54c17d9 elementor-widget-divider--view-line elementor-widget elementor-widget-divider\" data-id=\"54c17d9\" data-element_type=\"widget\" data-widget_type=\"divider.default\">\n\t\t\t\t<div class=\"elementor-widget-container\">\n\t\t\t\t\t<div class=\"elementor-divider\">\n\t\t\t<span class=\"elementor-divider-separator\">\n\t\t\t\t\t\t<\/span>\n\t\t<\/div>\n\t\t\t\t<\/div>\n\t\t\t\t<\/div>\n\t\t\t\t<div class=\"elementor-element elementor-element-9c4ffe2 elementor-icon-list--layout-traditional elementor-list-item-link-full_width elementor-widget elementor-widget-icon-list\" data-id=\"9c4ffe2\" data-element_type=\"widget\" data-widget_type=\"icon-list.default\">\n\t\t\t\t<div class=\"elementor-widget-container\">\n\t\t\t\t\t<ul class=\"elementor-icon-list-items\">\n\t\t\t\t\t\t\t<li class=\"elementor-icon-list-item\">\n\t\t\t\t\t\t\t\t\t\t\t<span class=\"elementor-icon-list-icon\">\n\t\t\t\t\t\t\t\t\t\t\t\t\t\t\t\t<i class=\"fa fa-map-marker\" aria-hidden=\"true\"><\/i>\n\t\t\t\t\t\t\t\t\t\t\t\t\t<\/span>\n\t\t\t\t\t\t\t\t\t\t<span class=\"elementor-icon-list-text\">1123 4rd St. San Francisco, CA 66507<\/span>\n\t\t\t\t\t\t\t\t\t<\/li>\n\t\t\t\t\t\t\t\t<li class=\"elementor-icon-list-item\">\n\t\t\t\t\t\t\t\t\t\t\t<span class=\"elementor-icon-list-icon\">\n\t\t\t\t\t\t\t\t\t\t\t\t\t\t\t\t<i class=\"fa fa-envelope-square\" aria-hidden=\"true\"><\/i>\n\t\t\t\t\t\t\t\t\t\t\t\t\t<\/span>\n\t\t\t\t\t\t\t\t\t\t<span class=\"elementor-icon-list-text\">reservation@domain.com<\/span>\n\t\t\t\t\t\t\t\t\t<\/li>\n\t\t\t\t\t\t\t\t<li class=\"elementor-icon-list-item\">\n\t\t\t\t\t\t\t\t\t\t\t<span class=\"elementor-icon-list-icon\">\n\t\t\t\t\t\t\t\t\t\t\t\t\t\t\t\t<i class=\"fa fa-phone-square\" aria-hidden=\"true\"><\/i>\n\t\t\t\t\t\t\t\t\t\t\t\t\t<\/span>\n\t\t\t\t\t\t\t\t\t\t<span class=\"elementor-icon-list-text\">(315) 435 77 16<\/span>\n\t\t\t\t\t\t\t\t\t<\/li>\n\t\t\t\t\t\t\t\t<li class=\"elementor-icon-list-item\">\n\t\t\t\t\t\t\t\t\t\t\t<span class=\"elementor-icon-list-icon\">\n\t\t\t\t\t\t\t\t\t\t\t\t\t\t\t\t<i class=\"fa fa-fax\" aria-hidden=\"true\"><\/i>\n\t\t\t\t\t\t\t\t\t\t\t\t\t<\/span>\n\t\t\t\t\t\t\t\t\t\t<span class=\"elementor-icon-list-text\">(315) 435 77 33<\/span>\n\t\t\t\t\t\t\t\t\t<\/li>\n\t\t\t\t\t\t<\/ul>\n\t\t\t\t<\/div>\n\t\t\t\t<\/div>\n\t\t\t\t\t\t<\/div>\n\t\t\t\t\t<\/div>\n\t\t<\/div>\n\t\t\t\t<div class=\"elementor-column elementor-col-50 elementor-top-column elementor-element elementor-element-41f686e6\" data-id=\"41f686e6\" data-element_type=\"column\">\n\t\t\t<div class=\"elementor-column-wrap elementor-element-populated\">\n\t\t\t\t\t\t\t<div class=\"elementor-widget-wrap\">\n\t\t\t\t\t\t<div class=\"elementor-element elementor-element-5697dc6b elementor-widget elementor-widget-google_maps\" data-id=\"5697dc6b\" data-element_type=\"widget\" data-widget_type=\"google_maps.default\">\n\t\t\t\t<div class=\"elementor-widget-container\">\n\t\t\t<div class=\"elementor-custom-embed\"><iframe frameborder=\"0\" scrolling=\"no\" marginheight=\"0\" marginwidth=\"0\" src=\"https:\/\/maps.google.com\/maps?q=London%20Eye%2C%20London%2C%20United%20Kingdom&amp;t=m&amp;z=10&amp;output=embed&amp;iwloc=near\" title=\"London Eye, London, United Kingdom\" aria-label=\"London Eye, London, United Kingdom\"><\/iframe><\/div>\t\t<\/div>\n\t\t\t\t<\/div>\n\t\t\t\t\t\t<\/div>\n\t\t\t\t\t<\/div>\n\t\t<\/div>\n\t\t\t\t\t\t\t\t<\/div>\n\t\t\t\t\t<\/div>\n\t\t<\/section>\n\t\t\t\t<section class=\"elementor-section elementor-top-section elementor-element elementor-element-3c8707bf elementor-section-boxed elementor-section-height-default elementor-section-height-default\" data-id=\"3c8707bf\" data-element_type=\"section\">\n\t\t\t\t\t\t<div class=\"elementor-container elementor-column-gap-default\">\n\t\t\t\t\t\t\t<div class=\"elementor-row\">\n\t\t\t\t\t<div class=\"elementor-column elementor-col-100 elementor-top-column elementor-element elementor-element-125fdb1c\" data-id=\"125fdb1c\" data-element_type=\"column\">\n\t\t\t<div class=\"elementor-column-wrap elementor-element-populated\">\n\t\t\t\t\t\t\t<div class=\"elementor-widget-wrap\">\n\t\t\t\t\t\t<div class=\"elementor-element elementor-element-363f7960 elementor-widget elementor-widget-text-editor\" data-id=\"363f7960\" data-element_type=\"widget\" data-widget_type=\"text-editor.default\">\n\t\t\t\t<div class=\"elementor-widget-container\">\n\t\t\t\t\t\t\t\t<div class=\"elementor-text-editor elementor-clearfix\">\n\t\t\t\t\t<p>Image Sources: <a href=\"https:\/\/foodiesfeed.com\">foodiesfeed<\/a>, <a href=\"http:\/\/www.wocintechchat.com\">WOCinTechChat<\/a>, <a href=\"http:\/\/www.graphberry.com\/item\/3-vintage-vector-logo-insignias\">GraphBerry<\/a><\/p>\t\t\t\t\t<\/div>\n\t\t\t\t\t\t<\/div>\n\t\t\t\t<\/div>\n\t\t\t\t\t\t<\/div>\n\t\t\t\t\t<\/div>\n\t\t<\/div>\n\t\t\t\t\t\t\t\t<\/div>\n\t\t\t\t\t<\/div>\n\t\t<\/section>\n\t\t\t\t\t\t<\/div>\n\t\t\t\t\t\t<\/div>\n\t\t\t\t\t<\/div>\n\t\t","protected":false},"excerpt":{"rendered":"<p>Our Sweets Handcrafted delights that instantly brighten up your day. Whether its chocolate, vanilla or cinnamon, we use the finest [&hellip;]<\/p>\n","protected":false},"author":1,"featured_media":0,"parent":0,"menu_order":0,"comment_status":"closed","ping_status":"closed","template":"elementor_header_footer","meta":[],"_links":{"self":[{"href":"https:\/\/anna-bueker.de\/index.php?rest_route=\/wp\/v2\/pages\/207"}],"collection":[{"href":"https:\/\/anna-bueker.de\/index.php?rest_route=\/wp\/v2\/pages"}],"about":[{"href":"https:\/\/anna-bueker.de\/index.php?rest_route=\/wp\/v2\/types\/page"}],"author":[{"embeddable":true,"href":"https:\/\/anna-bueker.de\/index.php?rest_route=\/wp\/v2\/users\/1"}],"replies":[{"embeddable":true,"href":"https:\/\/anna-bueker.de\/index.php?rest_route=%2Fwp%2Fv2%2Fcomments&post=207"}],"version-history":[{"count":11,"href":"https:\/\/anna-bueker.de\/index.php?rest_route=\/wp\/v2\/pages\/207\/revisions"}],"predecessor-version":[{"id":505,"href":"https:\/\/anna-bueker.de\/index.php?rest_route=\/wp\/v2\/pages\/207\/revisions\/505"}],"wp:attachment":[{"href":"https:\/\/anna-bueker.de\/index.php?rest_route=%2Fwp%2Fv2%2Fmedia&parent=207"}],"curies":[{"name":"wp","href":"https:\/\/api.w.org\/{rel}","templated":true}]}}